{"id":679,"date":"2018-05-09T14:57:42","date_gmt":"2018-05-09T13:57:42","guid":{"rendered":"https:\/\/migrate.reachnorthwales.org\/amdanom-ni\/y-tim\/"},"modified":"2018-05-09T14:59:02","modified_gmt":"2018-05-09T13:59:02","slug":"y-tim","status":"publish","type":"page","link":"https:\/\/www.reachnorthwales.org\/cy\/amdanom-ni\/y-tim\/","title":{"rendered":"Y T\u00eem"},"content":{"rendered":"<h2>Dyma\u2019r gr\u0175p sy\u2019n goruchwylio\u2019r gwaith o redeg Cyrraedd.<\/h2>\n<p><img title=\"dafydd-cunningham\" alt=\"dafydd-cunningham\" \/><\/p>\n<p>Cafodd <strong>Dafydd Cunningham<\/strong> ei fagu ger Rhuthun yn Nyffryn Clwyd ac mae o\u2019n weinidog ar <a href=\"http:\/\/www.gracechurchdenbigh.org\/\" target=\"_blank\" rel=\"noopener\">Gapel Gras, Dinbych<\/a>, sy\u2019n eglwys a gafodd ei phlannu gan Eglwys y Bedyddwyr, Ebeneser, yn 2013.<\/p>\n<p>Mae\u2019n briod ag Amanda ac mae ganddyn nhw dri o blant. Cyn symud i Ddinbych, bu\u2019n astudio yng Ngholeg Diwinyddol Oak Hill a chyn hynny bu\u2019n gweithio i eglwysi yn Llundain a Durham. Bu hefyd yn gyfreithiwr corfforaethol yn y Ddinas. \u00a0Mae o wrth ei fodd i fod yn rhan o waith Cyrraedd Pobl Gogledd Cymru oherwydd ei angerdd dros weld eglwysi newydd yn cael eu sefydlu mewn cymunedau sydd mewn angen ysbrydol.<\/p>\n<p><img title=\"Ian-Hughes\" alt=\"Ian-Hughes\" \/><\/p>\n<p>Gweinidog <a href=\"http:\/\/www.gwersylltchurch.com\/\" target=\"_blank\" rel=\"noopener\">Eglwys Annibynnol Gwersyllt<\/a> ydy<strong> Ian Hughes.<\/strong><\/p>\n<p>Cafodd ei fagu yn yr ardal a symudodd i Gwersyllt er mwyn bugeilio\u2019r eglwys yno. Mae\u2019r eglwys wedi tyfu ac wedi cael dylanwadau cadarnhaol yn sgil rhannu\u2019r newyddion da am Iesu yn y gymuned. \u00a0Mae o a\u2019i eglwys yn teimlo\u2019r angerdd i weld eglwysi newydd yn cael eu plannu mewn cymunedau eraill fel eu bod nhw, hefyd, yn gallu mwynhau\u2019r fendith o adnabod Iesu.<\/p>\n<p><img title=\"andrew-graham\" alt=\"andrew-graham\" \/><\/p>\n<p>Mae <strong>Andrew Graham<\/strong> wedi bod yn weinidog ar <a href=\"http:\/\/bradleyroadbaptistchurch.org.uk\/\" target=\"_blank\" rel=\"noopener\">Eglwys Efengylaidd y Bedyddwyr yn Ffordd Bradley<\/a> yn Wrecsam ers 2007.<\/p>\n<p>Mae o\u2019n dod o Dde Affrica yn wreiddiol a symudodd i Gymru 12 mlynedd yn \u00f4l. Mae o\u2019n gefnogwr brwd o d\u00eem rygbi Cymru, ond nid pan fydd Cymru\u2019n chwarae yn erbyn t\u00eem y Springboks!<\/p>\n<p><img title=\"James1\" alt=\"James1\" \/><\/p>\n<p>Roedd <strong>James Mitton<\/strong>\u00a0yn Gyfarwyddwr Gwasanaeth Cwsmeriaid Gr\u0175p Shop Direct tan yn ddiweddar. Mae o\u2019n arweinydd yn <a href=\"http:\/\/www.ebenezermold.co.uk\/\" target=\"_blank\" rel=\"noopener\">Eglwys y Bedyddwyr, Ebeneser, Yr Wyddgrug<\/a>, ac ar hyn o bryd mae o\u2019n cefnogi Cyrraedd Pobl Gogledd Cymru fel gweinyddwr yn ystod ei gyfnod sabothol. Mae o\u2019n briod \u00e2 Lowri ac mae ganddyn nhw dri o blant. Mae James yn dysgu Cymraeg, crefftau ymladd cymysg a sut i recordio mewn stiwdio &#8211; i\u2019w gadw allan o ddrygioni! Mae o\u2019n awyddus iawn i weld Gogledd Cymru yn ffynnu gydag eglwysi newydd wedi\u2019u planu a chymunedau\u2019n dod i adnabod Iesu Grist.<\/p>\n<p><img title=\"john-richards\" alt=\"john-richards\" \/><\/p>\n<p><strong>John Richards<\/strong> ydy Gweinidog <a href=\"http:\/\/www.ebenezermold.co.uk\/\" target=\"_blank\" rel=\"noopener\">Eglwys y Bedyddwyr, Ebeneser, Yr Wyddgrug<\/a>.<\/p>\n<p>Mae o\u2019n briod \u00e2 Kathryn ac mae ganddyn nhw dri o blant. Pan dydy o ddim yn gwneud ei waith bugeuliol, mae\u2019n siwr y gwelwch chi o\u2019n rhedeg, yn beicio ac yn nofio yn yr ardal! Mae John wedi cefnogi\u2019r gwaith o blannu dwy eglwys yn ystod ei gyfnod yn Ebeneser ac mae o\u2019n arwain y gwaith o blannu eglwys arall ar hyn o bryd &#8211; eleni, gobeithio, gyda chymorth Duw! Mae o\u2019n awyddus i weld eglwysi newydd, ffyniannus ar draws Gogledd Cymru, ardal a ddaeth o dan ddylanwad yr efengyl 100 mlynedd yn \u00f4l yn sgil y newyddion da am Iesu, ac mae cymaint o angen hynny heddiw.<\/p>\n<p><img title=\"ben-slatter\" alt=\"ben-slatter\" \/><\/p>\n<p><strong>Ben Slatter<\/strong> ydy Gweinidog Cynorthwyol <a href=\"http:\/\/www.ebenezermold.co.uk\/\" target=\"_blank\" rel=\"noopener\">Eglwys y Bedyddwyr, Ebeneser, Yr Wyddgrug<\/a>.<\/p>\n<p>Mae o\u2019n briod \u00e2 Ruth ac mae ganddyn nhw dri o blant. \u00a0Cafodd ei ysgogi gan Indiana Jones i astudio Archeoleg yn y brifysgol ac aeth yn athro ar \u00f4l bod yn gweithio i UCCF ac IFES. Mae ei gons\u00e1rn dros rannu gwirioneddau tragwyddol y Beibl, a ysgrifennwyd filoedd o flynyddoedd yn \u00f4l, wedi\u2019i ysbrydoli i rannu\u2019r newyddion da am Iesu gyda phobl ifanc a theuluoedd yng Ngogledd Cymru ac i gefnogi <em>Cyrraedd<\/em> gyda\u2019r gwaith o blannu eglwysi newydd.<\/p>\n<p><img title=\"deniol-williams\" alt=\"deniol-williams\" \/><\/p>\n<p><strong>Deiniol Williams<\/strong> ydy Gweinidog Cynorthwyol <a href=\"http:\/\/www.gwersylltchurch.com\/\" target=\"_blank\" rel=\"noopener\">Eglwys Annibynnol Gwersyllt<\/a>.<\/p>\n<p>Cafodd Deiniol ei fagu yn Wrecsam, Gogledd-ddwyrain Cymru, a bu\u2019n astudio Diwinyddiaeth yn Oak Hill ac yn yr Union School of Theology. Ei ddymuniad ydy gweld mudiad efengylu strategol yn cyrraedd yr ardal ac mae o wedi cyffroi gan y syniad o fod yn rhan o <em>Cyrraedd<\/em>.<\/p>\n","protected":false},"excerpt":{"rendered":"<p>Dyma\u2019r gr\u0175p sy\u2019n goruchwylio\u2019r gwaith o redeg Cyrraedd. Cafodd Dafydd Cunningham ei fagu ger Rhuthun yn Nyffryn Clwyd ac mae o\u2019n weinidog ar Gapel Gras, Dinbych, sy\u2019n eglwys a gafodd ei phlannu gan Eglwys y Bedyddwyr, Ebeneser, yn 2013. Mae\u2019n briod ag Amanda ac mae ganddyn nhw dri o blant. Cyn symud i Ddinbych, bu\u2019n [&hellip;]<\/p>\n","protected":false},"author":4,"featured_media":0,"parent":623,"menu_order":0,"comment_status":"closed","ping_status":"closed","template":"","meta":{"_monsterinsights_skip_tracking":false,"_monsterinsights_sitenote_active":false,"_monsterinsights_sitenote_note":"","_monsterinsights_sitenote_category":0,"ocean_post_layout":"full-screen","ocean_both_sidebars_style":"","ocean_both_sidebars_content_width":0,"ocean_both_sidebars_sidebars_width":0,"ocean_sidebar":"0","ocean_second_sidebar":"0","ocean_disable_margins":"enable","ocean_add_body_class":"","ocean_shortcode_before_top_bar":"","ocean_shortcode_after_top_bar":"","ocean_shortcode_before_header":"","ocean_shortcode_after_header":"","ocean_has_shortcode":"","ocean_shortcode_after_title":"","ocean_shortcode_before_footer_widgets":"","ocean_shortcode_after_footer_widgets":"","ocean_shortcode_before_footer_bottom":"","ocean_shortcode_after_footer_bottom":"","ocean_display_top_bar":"default","ocean_display_header":"default","ocean_header_style":"","ocean_center_header_left_menu":"0","ocean_custom_header_template":"0","ocean_custom_logo":0,"ocean_custom_retina_logo":0,"ocean_custom_logo_max_width":0,"ocean_custom_logo_tablet_max_width":0,"ocean_custom_logo_mobile_max_width":0,"ocean_custom_logo_max_height":0,"ocean_custom_logo_tablet_max_height":0,"ocean_custom_logo_mobile_max_height":0,"ocean_header_custom_menu":"0","ocean_menu_typo_font_family":"","ocean_menu_typo_font_subset":"","ocean_menu_typo_font_size":0,"ocean_menu_typo_font_size_tablet":0,"ocean_menu_typo_font_size_mobile":0,"ocean_menu_typo_font_size_unit":"px","ocean_menu_typo_font_weight":"","ocean_menu_typo_font_weight_tablet":"","ocean_menu_typo_font_weight_mobile":"","ocean_menu_typo_transform":"","ocean_menu_typo_transform_tablet":"","ocean_menu_typo_transform_mobile":"","ocean_menu_typo_line_height":0,"ocean_menu_typo_line_height_tablet":0,"ocean_menu_typo_line_height_mobile":0,"ocean_menu_typo_line_height_unit":"","ocean_menu_typo_spacing":0,"ocean_menu_typo_spacing_tablet":0,"ocean_menu_typo_spacing_mobile":0,"ocean_menu_typo_spacing_unit":"","ocean_menu_link_color":"","ocean_menu_link_color_hover":"","ocean_menu_link_color_active":"","ocean_menu_link_background":"","ocean_menu_link_hover_background":"","ocean_menu_link_active_background":"","ocean_menu_social_links_bg":"","ocean_menu_social_hover_links_bg":"","ocean_menu_social_links_color":"","ocean_menu_social_hover_links_color":"","ocean_disable_title":"default","ocean_disable_heading":"default","ocean_post_title":"","ocean_post_subheading":"","ocean_post_title_style":"","ocean_post_title_background_color":"","ocean_post_title_background":0,"ocean_post_title_bg_image_position":"","ocean_post_title_bg_image_attachment":"","ocean_post_title_bg_image_repeat":"","ocean_post_title_bg_image_size":"","ocean_post_title_height":0,"ocean_post_title_bg_overlay":0.5,"ocean_post_title_bg_overlay_color":"","ocean_disable_breadcrumbs":"default","ocean_breadcrumbs_color":"","ocean_breadcrumbs_separator_color":"","ocean_breadcrumbs_links_color":"","ocean_breadcrumbs_links_hover_color":"","ocean_display_footer_widgets":"default","ocean_display_footer_bottom":"default","ocean_custom_footer_template":"","osh_disable_topbar_sticky":"default","osh_disable_header_sticky":"default","osh_sticky_header_style":"default","osh_sticky_header_effect":"","osh_custom_sticky_logo":0,"osh_custom_retina_sticky_logo":0,"osh_custom_sticky_logo_height":0,"osh_background_color":"","osh_links_color":"","osh_links_hover_color":"","osh_links_active_color":"","osh_links_bg_color":"","osh_links_hover_bg_color":"","osh_links_active_bg_color":"","osh_menu_social_links_color":"","osh_menu_social_hover_links_color":"","footnotes":""},"class_list":["post-679","page","type-page","status-publish","hentry","entry"],"_links":{"self":[{"href":"https:\/\/www.reachnorthwales.org\/cy\/wp-json\/wp\/v2\/pages\/679","targetHints":{"allow":["GET"]}}],"collection":[{"href":"https:\/\/www.reachnorthwales.org\/cy\/wp-json\/wp\/v2\/pages"}],"about":[{"href":"https:\/\/www.reachnorthwales.org\/cy\/wp-json\/wp\/v2\/types\/page"}],"author":[{"embeddable":true,"href":"https:\/\/www.reachnorthwales.org\/cy\/wp-json\/wp\/v2\/users\/4"}],"replies":[{"embeddable":true,"href":"https:\/\/www.reachnorthwales.org\/cy\/wp-json\/wp\/v2\/comments?post=679"}],"version-history":[{"count":9,"href":"https:\/\/www.reachnorthwales.org\/cy\/wp-json\/wp\/v2\/pages\/679\/revisions"}],"predecessor-version":[{"id":689,"href":"https:\/\/www.reachnorthwales.org\/cy\/wp-json\/wp\/v2\/pages\/679\/revisions\/689"}],"up":[{"embeddable":true,"href":"https:\/\/www.reachnorthwales.org\/cy\/wp-json\/wp\/v2\/pages\/623"}],"wp:attachment":[{"href":"https:\/\/www.reachnorthwales.org\/cy\/wp-json\/wp\/v2\/media?parent=679"}],"curies":[{"name":"wp","href":"https:\/\/api.w.org\/{rel}","templated":true}]}}